{"id":6305,"date":"2024-10-09T13:31:24","date_gmt":"2024-10-09T10:31:24","guid":{"rendered":"https:\/cookie-richtlinien\/"},"modified":"2024-12-10T10:37:15","modified_gmt":"2024-12-10T07:37:15","slug":"cookie-richtlinien","status":"publish","type":"page","link":"https:\/\/denizyilmaz.com.tr\/de\/cookie-richtlinien\/","title":{"rendered":"Cookie Richtlinien"},"content":{"rendered":"\t\t<div data-elementor-type=\"wp-page\" data-elementor-id=\"6305\" class=\"elementor elementor-6305 elementor-4675\" data-elementor-post-type=\"page\">\n\t\t\t\t<div class=\"elementor-element elementor-element-1ff9884e e-flex e-con-boxed e-con e-parent\" data-id=\"1ff9884e\" data-element_type=\"container\">\n\t\t\t\t\t<div class=\"e-con-inner\">\n\t\t\t\t<div class=\"elementor-element elementor-element-65bfa95f elementor-widget elementor-widget-text-editor\" data-id=\"65bfa95f\" data-element_type=\"widget\" data-widget_type=\"text-editor.default\">\n\t\t\t\t<div class=\"elementor-widget-container\">\n\t\t\t\t\t\t\t\t\tProf. Dr. Als Mustafa Deniz Y\u0131lmaz legen wir gro\u00dfen Wert auf den Datenschutz und die Sicherheit Ihrer pers\u00f6nlichen Daten. In diesem Text wird erl\u00e4utert, wie Ihre personenbezogenen Daten im Rahmen des Gesetzes zum Schutz personenbezogener Daten Nr. 6698 (KVKK) verarbeitet, gespeichert und gesch\u00fctzt werden.\r\n<h3>1. Datenverantwortlicher<\/h3>\r\nIhre pers\u00f6nlichen Daten, Prof. Dr. Sie werden von uns als Datenverantwortlicher im Auftrag von Mustafa Deniz Y\u0131lmaz verarbeitet. Als Datenverantwortlicher ist es unsere oberste Priorit\u00e4t, den sicheren Schutz Ihrer personenbezogenen Daten zu gew\u00e4hrleisten.\r\n<h3>2. Verarbeitete personenbezogene Daten<\/h3>\r\nIm Rahmen von KVKK k\u00f6nnen Ihre folgenden personenbezogenen Daten verarbeitet werden:\r\n<ul>\r\n \t<li>Name, Nachname, Geburtsdatum, TR. Identifikationsinformationen wie Identifikationsnummer<\/li>\r\n \t<li>Kontaktinformationen wie Adresse, Telefonnummer, E-Mail-Adresse<\/li>\r\n \t<li>Gesundheitsinformationen (bei Untersuchungs- und Behandlungsprozessen)<\/li>\r\n \t<li>Finanzinformationen (f\u00fcr Zahlungs- und Rechnungstransaktionen)<\/li>\r\n<\/ul>\r\n<h3>3. Zwecke der Verarbeitung personenbezogener Daten<\/h3>\r\nIhre personenbezogenen Daten werden zu folgenden Zwecken verarbeitet:\r\n<ul>\r\n \t<li>Terminvereinbarung, Durchf\u00fchrung von Untersuchungs- und Behandlungsleistungen<\/li>\r\n \t<li>Durchf\u00fchrung verpflichtender Anmelde- und Nachverfolgungsverfahren im Rahmen von Gesundheitsdiensten<\/li>\r\n \t<li>Erf\u00fcllung gesetzlicher Verpflichtungen<\/li>\r\n \t<li>Steigerung der Patientenzufriedenheit und Servicequalit\u00e4t<\/li>\r\n \t<li>Verarbeitung Ihrer Gesundheitsdaten f\u00fcr medizinische Eingriffe gem\u00e4\u00df Ihrer Einwilligung<\/li>\r\n<\/ul>\r\n<h3>4. Erhebungsmethode und Rechtsgrund f\u00fcr personenbezogene Daten<\/h3>\r\nIhre personenbezogenen Daten werden \u00fcber physische oder digitale Umgebungen, Antragsformulare, Gesundheitserkl\u00e4rungen und andere \u00e4hnliche Mittel erfasst. Die Verarbeitung dieser Daten erfolgt mit Ihrer ausdr\u00fccklichen Einwilligung gem\u00e4\u00df Art. 5 und 6 KVKK Nr. 6698 oder aus anderen gesetzlich vorgeschriebenen Gr\u00fcnden.\r\n<h3>5. \u00dcbermittlung personenbezogener Daten<\/h3>\r\nIhre erfassten personenbezogenen Daten k\u00f6nnen an folgende Personen oder Institutionen weitergegeben werden:\r\n<ul>\r\n \t<li>Relevante \u00f6ffentliche Institutionen und Organisationen (Gesundheitsministerium, SGK usw.)<\/li>\r\n \t<li>Drittdienstleister, mit denen wir ein Vertragsverh\u00e4ltnis haben<\/li>\r\n \t<li>Zust\u00e4ndige Beh\u00f6rden im Falle einer rechtlichen Notwendigkeit<\/li>\r\n<\/ul>\r\nDiese Weitergabe erfolgt im Rahmen der gesetzlichen Verpflichtungen und ist nur auf die einschl\u00e4gigen Rechtsvorschriften beschr\u00e4nkt.\r\n<h3>6. Speicherdauer personenbezogener Daten<\/h3>\r\nIhre personenbezogenen Daten werden f\u00fcr die gesetzlich festgelegten Zeitr\u00e4ume gespeichert und nach Ablauf dieser Zeitr\u00e4ume vernichtet. Wenn die Aufbewahrungsfrist Ihrer personenbezogenen Daten abl\u00e4uft, erfolgt die Vernichtung gem\u00e4\u00df KVKK und den einschl\u00e4gigen Rechtsvorschriften.\r\n<h3>7. Ihre Rechte als Inhaber personenbezogener Daten<\/h3>\r\nGem\u00e4\u00df Artikel 11 KVKK haben Sie als Inhaber personenbezogener Daten folgende Rechte:\r\n<ul>\r\n \t<li>Erfahren Sie, ob Ihre personenbezogenen Daten verarbeitet werden oder nicht<\/li>\r\n \t<li>Anfordern von Informationen, ob Ihre personenbezogenen Daten verarbeitet wurden<\/li>\r\n \t<li>Erfahren Sie, zu welchem \u200b\u200bZweck Ihre personenbezogenen Daten verarbeitet werden und ob sie f\u00fcr den vorgesehenen Zweck verwendet werden<\/li>\r\n \t<li>Kenntnis der Dritten, an die Ihre personenbezogenen Daten im In- oder Ausland \u00fcbermittelt werden<\/li>\r\n \t<li>Fordern Sie die Berichtigung Ihrer personenbezogenen Daten an, wenn diese unvollst\u00e4ndig sind oder fehlerhaft verarbeitet werden<\/li>\r\n \t<li>Fordern Sie die L\u00f6schung oder Vernichtung Ihrer personenbezogenen Daten an<\/li>\r\n \t<li>Anfordern der Berichtigung oder L\u00f6schung\/Vernichtung Ihrer personenbezogenen Daten zur Benachrichtigung an Dritte, an die Ihre personenbezogenen Daten weitergegeben wurden.<\/li>\r\n \t<li>Widersprechen Sie der Entstehung eines gegen Sie gerichteten<\/li>\r\n \t<li>Ergebnisses aufgrund der Analyse der verarbeiteten Daten ausschlie\u00dflich durch automatische Systeme<\/li>\r\n \t<li>Wenn Ihnen durch eine rechtswidrige Verarbeitung Ihrer personenbezogenen Daten ein Schaden entsteht, fordern Sie Schadensersatz.<\/li>\r\n<\/ul>\r\n<h3>8. Kommunikation<\/h3>\r\nBei Fragen und W\u00fcnschen zur Verarbeitung Ihrer personenbezogenen Daten k\u00f6nnen Sie uns \u00fcber die folgenden Kommunikationskan\u00e4le kontaktieren:\r\n<h3>Prof. Dr. Mustafa Deniz Yilmaz<\/h3>\r\nE-Mail: <a href=\"mailto:info@\">info@<\/a>\r\n\r\nTelefon: <a href=\"tel:+905537053650\">+9<span aria-label=\"0553 705 36 50 Numaral\u0131 Telefonu Ara\">0 553 705 36 50<\/span><\/a>\r\n\r\nDieser Informationstext wurde erstellt, um Transparenz \u00fcber die Verarbeitungsprozesse Ihrer personenbezogenen Daten zu schaffen und kann entsprechend den gesetzlichen Anforderungen aktualisiert werden.\t\t\t\t\t\t\t\t<\/div>\n\t\t\t\t<\/div>\n\t\t\t\t\t<\/div>\n\t\t\t\t<\/div>\n\t\t\t\t<\/div>\n\t\t","protected":false},"excerpt":{"rendered":"<p>Prof. Dr. Als Mustafa Deniz Y\u0131lmaz legen wir gro\u00dfen Wert auf den Datenschutz und die Sicherheit Ihrer pers\u00f6nlichen Daten. In diesem Text wird erl\u00e4utert, wie Ihre personenbezogenen Daten im Rahmen des Gesetzes zum Schutz personenbezogener Daten Nr. 6698 (KVKK) verarbeitet, gespeichert und gesch\u00fctzt werden. 1. Datenverantwortlicher Ihre pers\u00f6nlichen Daten, Prof. Dr. Sie werden von uns [&hellip;]<\/p>\n","protected":false},"author":1,"featured_media":0,"parent":0,"menu_order":0,"comment_status":"closed","ping_status":"open","template":"","meta":{"site-sidebar-layout":"default","site-content-layout":"","ast-site-content-layout":"default","site-content-style":"default","site-sidebar-style":"default","ast-global-header-display":"","ast-banner-title-visibility":"","ast-main-header-display":"","ast-hfb-above-header-display":"","ast-hfb-below-header-display":"","ast-hfb-mobile-header-display":"","site-post-title":"","ast-breadcrumbs-content":"","ast-featured-img":"","footer-sml-layout":"","ast-disable-related-posts":"","theme-transparent-header-meta":"default","adv-header-id-meta":"","stick-header-meta":"","header-above-stick-meta":"","header-main-stick-meta":"","header-below-stick-meta":"","astra-migrate-meta-layouts":"default","ast-page-background-enabled":"default","ast-page-background-meta":{"desktop":{"background-color":"","background-image":"","background-repeat":"repeat","background-position":"center center","background-size":"auto","background-attachment":"scroll","background-type":"","background-media":"","overlay-type":"","overlay-color":"","overlay-opacity":"","overlay-gradient":""},"tablet":{"background-color":"","background-image":"","background-repeat":"repeat","background-position":"center center","background-size":"auto","background-attachment":"scroll","background-type":"","background-media":"","overlay-type":"","overlay-color":"","overlay-opacity":"","overlay-gradient":""},"mobile":{"background-color":"","background-image":"","background-repeat":"repeat","background-position":"center center","background-size":"auto","background-attachment":"scroll","background-type":"","background-media":"","overlay-type":"","overlay-color":"","overlay-opacity":"","overlay-gradient":""}},"ast-content-background-meta":{"desktop":{"background-color":"var(--ast-global-color-5)","background-image":"","background-repeat":"repeat","background-position":"center center","background-size":"auto","background-attachment":"scroll","background-type":"","background-media":"","overlay-type":"","overlay-color":"","overlay-opacity":"","overlay-gradient":""},"tablet":{"background-color":"var(--ast-global-color-5)","background-image":"","background-repeat":"repeat","background-position":"center center","background-size":"auto","background-attachment":"scroll","background-type":"","background-media":"","overlay-type":"","overlay-color":"","overlay-opacity":"","overlay-gradient":""},"mobile":{"background-color":"var(--ast-global-color-5)","background-image":"","background-repeat":"repeat","background-position":"center center","background-size":"auto","background-attachment":"scroll","background-type":"","background-media":"","overlay-type":"","overlay-color":"","overlay-opacity":"","overlay-gradient":""}},"footnotes":""},"class_list":["post-6305","page","type-page","status-publish","hentry"],"_links":{"self":[{"href":"https:\/\/denizyilmaz.com.tr\/de\/wp-json\/wp\/v2\/pages\/6305","targetHints":{"allow":["GET"]}}],"collection":[{"href":"https:\/\/denizyilmaz.com.tr\/de\/wp-json\/wp\/v2\/pages"}],"about":[{"href":"https:\/\/denizyilmaz.com.tr\/de\/wp-json\/wp\/v2\/types\/page"}],"author":[{"embeddable":true,"href":"https:\/\/denizyilmaz.com.tr\/de\/wp-json\/wp\/v2\/users\/1"}],"replies":[{"embeddable":true,"href":"https:\/\/denizyilmaz.com.tr\/de\/wp-json\/wp\/v2\/comments?post=6305"}],"version-history":[{"count":0,"href":"https:\/\/denizyilmaz.com.tr\/de\/wp-json\/wp\/v2\/pages\/6305\/revisions"}],"wp:attachment":[{"href":"https:\/\/denizyilmaz.com.tr\/de\/wp-json\/wp\/v2\/media?parent=6305"}],"curies":[{"name":"wp","href":"https:\/\/api.w.org\/{rel}","templated":true}]}}